{"id":140,"date":"2024-05-15T15:04:22","date_gmt":"2024-05-15T15:04:22","guid":{"rendered":"https:\/\/andre-bazin.fr\/food-service\/?page_id=140"},"modified":"2026-01-28T13:40:40","modified_gmt":"2026-01-28T13:40:40","slug":"documentation","status":"publish","type":"page","link":"https:\/\/andre-bazin.fr\/food-service\/documentation\/","title":{"rendered":"Documentation"},"content":{"rendered":"\t\t<div data-elementor-type=\"wp-page\" data-elementor-id=\"140\" class=\"elementor elementor-140\" data-elementor-post-type=\"page\">\n\t\t\t\t<div class=\"elementor-element elementor-element-00df49c e-flex e-con-boxed e-con e-parent\" data-id=\"00df49c\" data-element_type=\"container\" data-e-type=\"container\" data-settings=\"{&quot;background_background&quot;:&quot;classic&quot;,&quot;jet_parallax_layout_list&quot;:[]}\">\n\t\t\t\t\t<div class=\"e-con-inner\">\n\t\t\t\t<div class=\"elementor-element elementor-element-9af9b10 elementor-align-left elementor-widget__width-initial elementor-widget elementor-widget-breadcrumbs\" data-id=\"9af9b10\" data-element_type=\"widget\" data-e-type=\"widget\" data-widget_type=\"breadcrumbs.default\">\n\t\t\t\t<div class=\"elementor-widget-container\">\n\t\t\t\t\t<p id=\"breadcrumbs\"><span><span><a href=\"https:\/\/andre-bazin.fr\/food-service\/\">Accueil<\/a><\/span><\/span><\/p>\t\t\t\t<\/div>\n\t\t\t\t<\/div>\n\t\t\t\t<div class=\"elementor-element elementor-element-2111b75 elementor-widget__width-initial elementor-widget elementor-widget-heading\" data-id=\"2111b75\" data-element_type=\"widget\" data-e-type=\"widget\" data-widget_type=\"heading.default\">\n\t\t\t\t<div class=\"elementor-widget-container\">\n\t\t\t\t\t<h1 class=\"elementor-heading-title elementor-size-default\">DOCUMENTS<\/h1>\t\t\t\t<\/div>\n\t\t\t\t<\/div>\n\t\t\t\t\t<\/div>\n\t\t\t\t<\/div>\n\t\t<div class=\"elementor-element elementor-element-9e47a6b e-flex e-con-boxed e-con e-parent\" data-id=\"9e47a6b\" data-element_type=\"container\" data-e-type=\"container\" data-settings=\"{&quot;jet_parallax_layout_list&quot;:[]}\">\n\t\t\t\t\t<div class=\"e-con-inner\">\n\t\t<div class=\"elementor-element elementor-element-f127771 e-con-full e-flex e-con e-child\" data-id=\"f127771\" data-element_type=\"container\" data-e-type=\"container\" data-settings=\"{&quot;jet_parallax_layout_list&quot;:[],&quot;background_background&quot;:&quot;classic&quot;}\">\n\t\t\t\t<div class=\"elementor-element elementor-element-8a71517 elementor-widget elementor-widget-image\" data-id=\"8a71517\" data-element_type=\"widget\" data-e-type=\"widget\" data-widget_type=\"image.default\">\n\t\t\t\t<div class=\"elementor-widget-container\">\n\t\t\t\t\t\t\t\t\t\t\t\t\t\t\t\t<a href=\"https:\/\/andre-bazin.fr\/food-service\/demande-catalogue\/\">\n\t\t\t\t\t\t\t<img fetchpriority=\"high\" decoding=\"async\" width=\"316\" height=\"343\" src=\"https:\/\/andre-bazin.fr\/food-service\/wp-content\/uploads\/sites\/8\/2026\/01\/WhatsApp_Image_2026-01-28_at_14.39.01-removebg-preview-e1769607609311.png\" class=\"attachment-large size-large wp-image-5019\" alt=\"\" srcset=\"https:\/\/andre-bazin.fr\/food-service\/wp-content\/uploads\/sites\/8\/2026\/01\/WhatsApp_Image_2026-01-28_at_14.39.01-removebg-preview-e1769607609311.png 316w, https:\/\/andre-bazin.fr\/food-service\/wp-content\/uploads\/sites\/8\/2026\/01\/WhatsApp_Image_2026-01-28_at_14.39.01-removebg-preview-e1769607609311-276x300.png 276w\" sizes=\"(max-width: 316px) 100vw, 316px\" \/>\t\t\t\t\t\t\t\t<\/a>\n\t\t\t\t\t\t\t\t\t\t\t\t\t\t\t<\/div>\n\t\t\t\t<\/div>\n\t\t\t\t<\/div>\n\t\t<div class=\"elementor-element elementor-element-b6dacfc e-con-full e-flex e-con e-child\" data-id=\"b6dacfc\" data-element_type=\"container\" data-e-type=\"container\" data-settings=\"{&quot;jet_parallax_layout_list&quot;:[]}\">\n\t\t\t\t<div class=\"elementor-element elementor-element-1d23cd1 elementor-widget elementor-widget-heading\" data-id=\"1d23cd1\" data-element_type=\"widget\" data-e-type=\"widget\" data-widget_type=\"heading.default\">\n\t\t\t\t<div class=\"elementor-widget-container\">\n\t\t\t\t\t<h2 class=\"elementor-heading-title elementor-size-default\">Notre catalogue produits\n<\/h2>\t\t\t\t<\/div>\n\t\t\t\t<\/div>\n\t\t\t\t<div class=\"elementor-element elementor-element-4e43d0e elementor-widget__width-initial elementor-widget elementor-widget-text-editor\" data-id=\"4e43d0e\" data-element_type=\"widget\" data-e-type=\"widget\" data-widget_type=\"text-editor.default\">\n\t\t\t\t<div class=\"elementor-widget-container\">\n\t\t\t\t\t\t\t\t\t<strong>D\u00e9couvrez\u00a0toutes nos gammes produits PAI dans notre\u00a0catalogue.<\/strong>\n\nVous y trouverez \u00e9galement nos derni\u00e8res nouveaut\u00e9s 2024, nos Mini-formats, nos Saucisses Sp\u00e9ciales Hot-dog et notre Gamme Fusion combinant prot\u00e9ines carn\u00e9es et v\u00e9g\u00e9tales.\t\t\t\t\t\t\t\t<\/div>\n\t\t\t\t<\/div>\n\t\t\t\t<\/div>\n\t\t<div class=\"elementor-element elementor-element-4f42c7c e-con-full e-flex e-con e-child\" data-id=\"4f42c7c\" data-element_type=\"container\" data-e-type=\"container\" data-settings=\"{&quot;jet_parallax_layout_list&quot;:[]}\">\n\t\t\t\t<div class=\"elementor-element elementor-element-e2c0c93 elementor-align-right elementor-tablet-align-left elementor-widget-tablet__width-inherit elementor-widget elementor-widget-button\" data-id=\"e2c0c93\" data-element_type=\"widget\" data-e-type=\"widget\" data-widget_type=\"button.default\">\n\t\t\t\t<div class=\"elementor-widget-container\">\n\t\t\t\t\t\t\t\t\t<div class=\"elementor-button-wrapper\">\n\t\t\t\t\t<a class=\"elementor-button elementor-button-link elementor-size-sm\" href=\"https:\/\/andre-bazin.fr\/food-service\/demande-catalogue\/\">\n\t\t\t\t\t\t<span class=\"elementor-button-content-wrapper\">\n\t\t\t\t\t\t\t\t\t<span class=\"elementor-button-text\">Demander le catalogue <\/span>\n\t\t\t\t\t<\/span>\n\t\t\t\t\t<\/a>\n\t\t\t\t<\/div>\n\t\t\t\t\t\t\t\t<\/div>\n\t\t\t\t<\/div>\n\t\t\t\t<\/div>\n\t\t\t\t\t<\/div>\n\t\t\t\t<\/div>\n\t\t<div class=\"elementor-element elementor-element-7405014 e-con-full e-flex e-con e-parent\" data-id=\"7405014\" data-element_type=\"container\" data-e-type=\"container\" data-settings=\"{&quot;jet_parallax_layout_list&quot;:[]}\">\n\t\t\t\t<div class=\"elementor-element elementor-element-5e3a726 elementor-widget__width-initial elementor-widget-divider--view-line elementor-widget elementor-widget-divider\" data-id=\"5e3a726\" data-element_type=\"widget\" data-e-type=\"widget\" data-widget_type=\"divider.default\">\n\t\t\t\t<div class=\"elementor-widget-container\">\n\t\t\t\t\t\t\t<div class=\"elementor-divider\">\n\t\t\t<span class=\"elementor-divider-separator\">\n\t\t\t\t\t\t<\/span>\n\t\t<\/div>\n\t\t\t\t\t\t<\/div>\n\t\t\t\t<\/div>\n\t\t\t\t<\/div>\n\t\t<div class=\"elementor-element elementor-element-f5f6e6f e-flex e-con-boxed e-con e-parent\" data-id=\"f5f6e6f\" data-element_type=\"container\" data-e-type=\"container\" data-settings=\"{&quot;jet_parallax_layout_list&quot;:[]}\">\n\t\t\t\t\t<div class=\"e-con-inner\">\n\t\t<div class=\"elementor-element elementor-element-09f5a49 e-con-full e-flex e-con e-child\" data-id=\"09f5a49\" data-element_type=\"container\" data-e-type=\"container\" data-settings=\"{&quot;jet_parallax_layout_list&quot;:[],&quot;background_background&quot;:&quot;classic&quot;}\">\n\t\t\t\t<div class=\"elementor-element elementor-element-b5bcc58 elementor-widget elementor-widget-image\" data-id=\"b5bcc58\" data-element_type=\"widget\" data-e-type=\"widget\" data-widget_type=\"image.default\">\n\t\t\t\t<div class=\"elementor-widget-container\">\n\t\t\t\t\t\t\t\t\t\t\t\t\t\t\t\t<a href=\"https:\/\/andre-bazin.fr\/food-service\/demande-de-resultat-detude\/\">\n\t\t\t\t\t\t\t<img decoding=\"async\" width=\"500\" height=\"653\" src=\"https:\/\/andre-bazin.fr\/food-service\/wp-content\/uploads\/sites\/8\/2024\/07\/Notre-vision-du-marche-Andre-Bazin.png\" class=\"attachment-large size-large wp-image-1449\" alt=\"\" srcset=\"https:\/\/andre-bazin.fr\/food-service\/wp-content\/uploads\/sites\/8\/2024\/07\/Notre-vision-du-marche-Andre-Bazin.png 500w, https:\/\/andre-bazin.fr\/food-service\/wp-content\/uploads\/sites\/8\/2024\/07\/Notre-vision-du-marche-Andre-Bazin-230x300.png 230w\" sizes=\"(max-width: 500px) 100vw, 500px\" \/>\t\t\t\t\t\t\t\t<\/a>\n\t\t\t\t\t\t\t\t\t\t\t\t\t\t\t<\/div>\n\t\t\t\t<\/div>\n\t\t\t\t<\/div>\n\t\t<div class=\"elementor-element elementor-element-ca07b5e e-con-full e-flex e-con e-child\" data-id=\"ca07b5e\" data-element_type=\"container\" data-e-type=\"container\" data-settings=\"{&quot;jet_parallax_layout_list&quot;:[]}\">\n\t\t\t\t<div class=\"elementor-element elementor-element-3381199 elementor-widget elementor-widget-heading\" data-id=\"3381199\" data-element_type=\"widget\" data-e-type=\"widget\" data-widget_type=\"heading.default\">\n\t\t\t\t<div class=\"elementor-widget-container\">\n\t\t\t\t\t<h2 class=\"elementor-heading-title elementor-size-default\">Notre vision du march\u00e9\n<\/h2>\t\t\t\t<\/div>\n\t\t\t\t<\/div>\n\t\t\t\t<div class=\"elementor-element elementor-element-644fca5 elementor-widget__width-initial elementor-widget elementor-widget-text-editor\" data-id=\"644fca5\" data-element_type=\"widget\" data-e-type=\"widget\" data-widget_type=\"text-editor.default\">\n\t\t\t\t<div class=\"elementor-widget-container\">\n\t\t\t\t\t\t\t\t\t<p><strong>Outre la qualit\u00e9 de ses produits sur mesure, l&rsquo;expertise de la soci\u00e9t\u00e9 Andr\u00e9 Bazin se fonde \u00e9galement sur sa connaissance du march\u00e9 et de ses clients.<\/strong><\/p><p>Des \u00e9tudes de march\u00e9 sont donc r\u00e9alis\u00e9es p\u00e9riodiquement sur tous les types de plats cuisin\u00e9s retrouv\u00e9s en GMS et freezers centers (pizzas surgel\u00e9es, quiches et tartes en rayons frais, conserverie&#8230;) afin d&rsquo;analyser les positionnements des industriels et les tendances.<br \/>Nous partageons ici les r\u00e9sultats cl\u00e9s de nos \u00e9tudes et nous pouvons \u00e9galement vous pr\u00e9senter l&rsquo;\u00e9tude dans son int\u00e9gralit\u00e9 en contactant notre service marketing: <span style=\"color: #000000\"><a style=\"color: #000000\" href=\"mailto:thierry.jay@andre-bazin.fr\"><strong>thierry.jay@andre-bazin.fr<\/strong><\/a><\/span><\/p>\t\t\t\t\t\t\t\t<\/div>\n\t\t\t\t<\/div>\n\t\t\t\t<\/div>\n\t\t<div class=\"elementor-element elementor-element-f6ea6e5 e-con-full e-flex e-con e-child\" data-id=\"f6ea6e5\" data-element_type=\"container\" data-e-type=\"container\" data-settings=\"{&quot;jet_parallax_layout_list&quot;:[]}\">\n\t\t\t\t<div class=\"elementor-element elementor-element-9bf609f elementor-align-right elementor-tablet-align-left elementor-widget-tablet_extra__width-auto elementor-widget-tablet__width-auto elementor-widget elementor-widget-button\" data-id=\"9bf609f\" data-element_type=\"widget\" data-e-type=\"widget\" data-widget_type=\"button.default\">\n\t\t\t\t<div class=\"elementor-widget-container\">\n\t\t\t\t\t\t\t\t\t<div class=\"elementor-button-wrapper\">\n\t\t\t\t\t<a class=\"elementor-button elementor-button-link elementor-size-sm\" href=\"https:\/\/andre-bazin.fr\/food-service\/demande-de-resultat-detude\/\">\n\t\t\t\t\t\t<span class=\"elementor-button-content-wrapper\">\n\t\t\t\t\t\t\t\t\t<span class=\"elementor-button-text\">Demander une \u00e9tude<\/span>\n\t\t\t\t\t<\/span>\n\t\t\t\t\t<\/a>\n\t\t\t\t<\/div>\n\t\t\t\t\t\t\t\t<\/div>\n\t\t\t\t<\/div>\n\t\t\t\t<\/div>\n\t\t\t\t\t<\/div>\n\t\t\t\t<\/div>\n\t\t<div class=\"elementor-element elementor-element-dd6abec e-flex e-con-boxed e-con e-parent\" data-id=\"dd6abec\" data-element_type=\"container\" data-e-type=\"container\" data-settings=\"{&quot;jet_parallax_layout_list&quot;:[]}\">\n\t\t\t\t\t<div class=\"e-con-inner\">\n\t\t\t\t<div class=\"elementor-element elementor-element-ddd655f elementor-widget__width-initial elementor-widget-divider--view-line elementor-widget elementor-widget-divider\" data-id=\"ddd655f\" data-element_type=\"widget\" data-e-type=\"widget\" data-widget_type=\"divider.default\">\n\t\t\t\t<div class=\"elementor-widget-container\">\n\t\t\t\t\t\t\t<div class=\"elementor-divider\">\n\t\t\t<span class=\"elementor-divider-separator\">\n\t\t\t\t\t\t<\/span>\n\t\t<\/div>\n\t\t\t\t\t\t<\/div>\n\t\t\t\t<\/div>\n\t\t\t\t\t<\/div>\n\t\t\t\t<\/div>\n\t\t\t\t<\/div>\n\t\t","protected":false},"excerpt":{"rendered":"<p>DOCUMENTS Notre catalogue produits D\u00e9couvrez\u00a0toutes nos gammes produits PAI dans notre\u00a0catalogue. Vous y trouverez \u00e9galement nos derni\u00e8res nouveaut\u00e9s 2024, nos Mini-formats, nos Saucisses Sp\u00e9ciales Hot-dog et notre Gamme Fusion combinant prot\u00e9ines carn\u00e9es et v\u00e9g\u00e9tales. Demander le catalogue Notre vision du march\u00e9 Outre la qualit\u00e9 de ses produits sur mesure, l&rsquo;expertise de la soci\u00e9t\u00e9 Andr\u00e9 Bazin [&hellip;]<\/p>\n","protected":false},"author":2,"featured_media":3670,"parent":0,"menu_order":0,"comment_status":"closed","ping_status":"closed","template":"","meta":{"footnotes":""},"class_list":["post-140","page","type-page","status-publish","has-post-thumbnail","hentry"],"yoast_head":"<!-- This site is optimized with the Yoast SEO plugin v27.3 - https:\/\/yoast.com\/product\/yoast-seo-wordpress\/ -->\n<title>Food service - documentation Andr\u00e9 Bazin<\/title>\n<meta name=\"description\" content=\"Acc\u00e9dez \u00e0 la documentation food service d&#039;Andr\u00e9 Bazin : d\u00e9couvrez nos produits, fiches techniques et solutions sur mesure\" \/>\n<meta name=\"robots\" content=\"index, follow, max-snippet:-1, max-image-preview:large, max-video-preview:-1\" \/>\n<link rel=\"canonical\" href=\"https:\/\/andre-bazin.fr\/food-service\/documentation\/\" \/>\n<meta property=\"og:locale\" content=\"fr_FR\" \/>\n<meta property=\"og:type\" content=\"article\" \/>\n<meta property=\"og:title\" content=\"Food service - documentation Andr\u00e9 Bazin\" \/>\n<meta property=\"og:description\" content=\"Acc\u00e9dez \u00e0 la documentation food service d&#039;Andr\u00e9 Bazin : d\u00e9couvrez nos produits, fiches techniques et solutions sur mesure\" \/>\n<meta property=\"og:url\" content=\"https:\/\/andre-bazin.fr\/food-service\/documentation\/\" \/>\n<meta property=\"og:site_name\" content=\"Food Service - Andre Bazin - Charcuterie et Salaison\" \/>\n<meta property=\"article:modified_time\" content=\"2026-01-28T13:40:40+00:00\" \/>\n<meta property=\"og:image\" content=\"https:\/\/andre-bazin.fr\/food-service\/wp-content\/uploads\/sites\/8\/2024\/12\/Protocole-OG.png\" \/>\n\t<meta property=\"og:image:width\" content=\"1920\" \/>\n\t<meta property=\"og:image:height\" content=\"1080\" \/>\n\t<meta property=\"og:image:type\" content=\"image\/png\" \/>\n<meta name=\"twitter:card\" content=\"summary_large_image\" \/>\n<meta name=\"twitter:label1\" content=\"Dur\u00e9e de lecture estim\u00e9e\" \/>\n\t<meta name=\"twitter:data1\" content=\"2 minutes\" \/>\n<script type=\"application\/ld+json\" class=\"yoast-schema-graph\">{\"@context\":\"https:\\\/\\\/schema.org\",\"@graph\":[{\"@type\":\"WebPage\",\"@id\":\"https:\\\/\\\/andre-bazin.fr\\\/food-service\\\/documentation\\\/\",\"url\":\"https:\\\/\\\/andre-bazin.fr\\\/food-service\\\/documentation\\\/\",\"name\":\"Food service - documentation Andr\u00e9 Bazin\",\"isPartOf\":{\"@id\":\"https:\\\/\\\/andre-bazin.fr\\\/food-service\\\/#website\"},\"primaryImageOfPage\":{\"@id\":\"https:\\\/\\\/andre-bazin.fr\\\/food-service\\\/documentation\\\/#primaryimage\"},\"image\":{\"@id\":\"https:\\\/\\\/andre-bazin.fr\\\/food-service\\\/documentation\\\/#primaryimage\"},\"thumbnailUrl\":\"https:\\\/\\\/andre-bazin.fr\\\/food-service\\\/wp-content\\\/uploads\\\/sites\\\/8\\\/2024\\\/12\\\/Protocole-OG.png\",\"datePublished\":\"2024-05-15T15:04:22+00:00\",\"dateModified\":\"2026-01-28T13:40:40+00:00\",\"description\":\"Acc\u00e9dez \u00e0 la documentation food service d'Andr\u00e9 Bazin : d\u00e9couvrez nos produits, fiches techniques et solutions sur mesure\",\"breadcrumb\":{\"@id\":\"https:\\\/\\\/andre-bazin.fr\\\/food-service\\\/documentation\\\/#breadcrumb\"},\"inLanguage\":\"fr-FR\",\"potentialAction\":[{\"@type\":\"ReadAction\",\"target\":[\"https:\\\/\\\/andre-bazin.fr\\\/food-service\\\/documentation\\\/\"]}]},{\"@type\":\"ImageObject\",\"inLanguage\":\"fr-FR\",\"@id\":\"https:\\\/\\\/andre-bazin.fr\\\/food-service\\\/documentation\\\/#primaryimage\",\"url\":\"https:\\\/\\\/andre-bazin.fr\\\/food-service\\\/wp-content\\\/uploads\\\/sites\\\/8\\\/2024\\\/12\\\/Protocole-OG.png\",\"contentUrl\":\"https:\\\/\\\/andre-bazin.fr\\\/food-service\\\/wp-content\\\/uploads\\\/sites\\\/8\\\/2024\\\/12\\\/Protocole-OG.png\",\"width\":1920,\"height\":1080},{\"@type\":\"BreadcrumbList\",\"@id\":\"https:\\\/\\\/andre-bazin.fr\\\/food-service\\\/documentation\\\/#breadcrumb\",\"itemListElement\":[{\"@type\":\"ListItem\",\"position\":1,\"name\":\"Accueil\",\"item\":\"https:\\\/\\\/andre-bazin.fr\\\/food-service\\\/\"},{\"@type\":\"ListItem\",\"position\":2,\"name\":\"Documentation\"}]},{\"@type\":\"WebSite\",\"@id\":\"https:\\\/\\\/andre-bazin.fr\\\/food-service\\\/#website\",\"url\":\"https:\\\/\\\/andre-bazin.fr\\\/food-service\\\/\",\"name\":\"Food Service - Andre Bazin - Charcuterie et Salaison\",\"description\":\"\",\"publisher\":{\"@id\":\"https:\\\/\\\/andre-bazin.fr\\\/food-service\\\/#organization\"},\"potentialAction\":[{\"@type\":\"SearchAction\",\"target\":{\"@type\":\"EntryPoint\",\"urlTemplate\":\"https:\\\/\\\/andre-bazin.fr\\\/food-service\\\/?s={search_term_string}\"},\"query-input\":{\"@type\":\"PropertyValueSpecification\",\"valueRequired\":true,\"valueName\":\"search_term_string\"}}],\"inLanguage\":\"fr-FR\"},{\"@type\":\"Organization\",\"@id\":\"https:\\\/\\\/andre-bazin.fr\\\/food-service\\\/#organization\",\"name\":\"Food Service - Andre Bazin - Charcuterie et Salaison\",\"url\":\"https:\\\/\\\/andre-bazin.fr\\\/food-service\\\/\",\"logo\":{\"@type\":\"ImageObject\",\"inLanguage\":\"fr-FR\",\"@id\":\"https:\\\/\\\/andre-bazin.fr\\\/food-service\\\/#\\\/schema\\\/logo\\\/image\\\/\",\"url\":\"https:\\\/\\\/andre-bazin.fr\\\/food-service\\\/wp-content\\\/uploads\\\/sites\\\/8\\\/2024\\\/05\\\/LOGO_ANDRE_BAZIN-HD.png\",\"contentUrl\":\"https:\\\/\\\/andre-bazin.fr\\\/food-service\\\/wp-content\\\/uploads\\\/sites\\\/8\\\/2024\\\/05\\\/LOGO_ANDRE_BAZIN-HD.png\",\"width\":1515,\"height\":660,\"caption\":\"Food Service - Andre Bazin - Charcuterie et Salaison\"},\"image\":{\"@id\":\"https:\\\/\\\/andre-bazin.fr\\\/food-service\\\/#\\\/schema\\\/logo\\\/image\\\/\"}}]}<\/script>\n<!-- \/ Yoast SEO plugin. -->","yoast_head_json":{"title":"Food service - documentation Andr\u00e9 Bazin","description":"Acc\u00e9dez \u00e0 la documentation food service d'Andr\u00e9 Bazin : d\u00e9couvrez nos produits, fiches techniques et solutions sur mesure","robots":{"index":"index","follow":"follow","max-snippet":"max-snippet:-1","max-image-preview":"max-image-preview:large","max-video-preview":"max-video-preview:-1"},"canonical":"https:\/\/andre-bazin.fr\/food-service\/documentation\/","og_locale":"fr_FR","og_type":"article","og_title":"Food service - documentation Andr\u00e9 Bazin","og_description":"Acc\u00e9dez \u00e0 la documentation food service d'Andr\u00e9 Bazin : d\u00e9couvrez nos produits, fiches techniques et solutions sur mesure","og_url":"https:\/\/andre-bazin.fr\/food-service\/documentation\/","og_site_name":"Food Service - Andre Bazin - Charcuterie et Salaison","article_modified_time":"2026-01-28T13:40:40+00:00","og_image":[{"width":1920,"height":1080,"url":"https:\/\/andre-bazin.fr\/food-service\/wp-content\/uploads\/sites\/8\/2024\/12\/Protocole-OG.png","type":"image\/png"}],"twitter_card":"summary_large_image","twitter_misc":{"Dur\u00e9e de lecture estim\u00e9e":"2 minutes"},"schema":{"@context":"https:\/\/schema.org","@graph":[{"@type":"WebPage","@id":"https:\/\/andre-bazin.fr\/food-service\/documentation\/","url":"https:\/\/andre-bazin.fr\/food-service\/documentation\/","name":"Food service - documentation Andr\u00e9 Bazin","isPartOf":{"@id":"https:\/\/andre-bazin.fr\/food-service\/#website"},"primaryImageOfPage":{"@id":"https:\/\/andre-bazin.fr\/food-service\/documentation\/#primaryimage"},"image":{"@id":"https:\/\/andre-bazin.fr\/food-service\/documentation\/#primaryimage"},"thumbnailUrl":"https:\/\/andre-bazin.fr\/food-service\/wp-content\/uploads\/sites\/8\/2024\/12\/Protocole-OG.png","datePublished":"2024-05-15T15:04:22+00:00","dateModified":"2026-01-28T13:40:40+00:00","description":"Acc\u00e9dez \u00e0 la documentation food service d'Andr\u00e9 Bazin : d\u00e9couvrez nos produits, fiches techniques et solutions sur mesure","breadcrumb":{"@id":"https:\/\/andre-bazin.fr\/food-service\/documentation\/#breadcrumb"},"inLanguage":"fr-FR","potentialAction":[{"@type":"ReadAction","target":["https:\/\/andre-bazin.fr\/food-service\/documentation\/"]}]},{"@type":"ImageObject","inLanguage":"fr-FR","@id":"https:\/\/andre-bazin.fr\/food-service\/documentation\/#primaryimage","url":"https:\/\/andre-bazin.fr\/food-service\/wp-content\/uploads\/sites\/8\/2024\/12\/Protocole-OG.png","contentUrl":"https:\/\/andre-bazin.fr\/food-service\/wp-content\/uploads\/sites\/8\/2024\/12\/Protocole-OG.png","width":1920,"height":1080},{"@type":"BreadcrumbList","@id":"https:\/\/andre-bazin.fr\/food-service\/documentation\/#breadcrumb","itemListElement":[{"@type":"ListItem","position":1,"name":"Accueil","item":"https:\/\/andre-bazin.fr\/food-service\/"},{"@type":"ListItem","position":2,"name":"Documentation"}]},{"@type":"WebSite","@id":"https:\/\/andre-bazin.fr\/food-service\/#website","url":"https:\/\/andre-bazin.fr\/food-service\/","name":"Food Service - Andre Bazin - Charcuterie et Salaison","description":"","publisher":{"@id":"https:\/\/andre-bazin.fr\/food-service\/#organization"},"potentialAction":[{"@type":"SearchAction","target":{"@type":"EntryPoint","urlTemplate":"https:\/\/andre-bazin.fr\/food-service\/?s={search_term_string}"},"query-input":{"@type":"PropertyValueSpecification","valueRequired":true,"valueName":"search_term_string"}}],"inLanguage":"fr-FR"},{"@type":"Organization","@id":"https:\/\/andre-bazin.fr\/food-service\/#organization","name":"Food Service - Andre Bazin - Charcuterie et Salaison","url":"https:\/\/andre-bazin.fr\/food-service\/","logo":{"@type":"ImageObject","inLanguage":"fr-FR","@id":"https:\/\/andre-bazin.fr\/food-service\/#\/schema\/logo\/image\/","url":"https:\/\/andre-bazin.fr\/food-service\/wp-content\/uploads\/sites\/8\/2024\/05\/LOGO_ANDRE_BAZIN-HD.png","contentUrl":"https:\/\/andre-bazin.fr\/food-service\/wp-content\/uploads\/sites\/8\/2024\/05\/LOGO_ANDRE_BAZIN-HD.png","width":1515,"height":660,"caption":"Food Service - Andre Bazin - Charcuterie et Salaison"},"image":{"@id":"https:\/\/andre-bazin.fr\/food-service\/#\/schema\/logo\/image\/"}}]}},"_links":{"self":[{"href":"https:\/\/andre-bazin.fr\/food-service\/wp-json\/wp\/v2\/pages\/140","targetHints":{"allow":["GET"]}}],"collection":[{"href":"https:\/\/andre-bazin.fr\/food-service\/wp-json\/wp\/v2\/pages"}],"about":[{"href":"https:\/\/andre-bazin.fr\/food-service\/wp-json\/wp\/v2\/types\/page"}],"author":[{"embeddable":true,"href":"https:\/\/andre-bazin.fr\/food-service\/wp-json\/wp\/v2\/users\/2"}],"replies":[{"embeddable":true,"href":"https:\/\/andre-bazin.fr\/food-service\/wp-json\/wp\/v2\/comments?post=140"}],"version-history":[{"count":160,"href":"https:\/\/andre-bazin.fr\/food-service\/wp-json\/wp\/v2\/pages\/140\/revisions"}],"predecessor-version":[{"id":5022,"href":"https:\/\/andre-bazin.fr\/food-service\/wp-json\/wp\/v2\/pages\/140\/revisions\/5022"}],"wp:featuredmedia":[{"embeddable":true,"href":"https:\/\/andre-bazin.fr\/food-service\/wp-json\/wp\/v2\/media\/3670"}],"wp:attachment":[{"href":"https:\/\/andre-bazin.fr\/food-service\/wp-json\/wp\/v2\/media?parent=140"}],"curies":[{"name":"wp","href":"https:\/\/api.w.org\/{rel}","templated":true}]}}