{"id":3628,"date":"2024-12-06T10:10:45","date_gmt":"2024-12-06T10:10:45","guid":{"rendered":"https:\/\/andre-bazin.fr\/food-service\/?page_id=3628"},"modified":"2025-06-12T14:19:23","modified_gmt":"2025-06-12T14:19:23","slug":"politique-de-confidentialite","status":"publish","type":"page","link":"https:\/\/andre-bazin.fr\/food-service\/politique-de-confidentialite\/","title":{"rendered":"Politique de confidentialit\u00e9"},"content":{"rendered":"\t\t<div data-elementor-type=\"wp-page\" data-elementor-id=\"3628\" class=\"elementor elementor-3628\" data-elementor-post-type=\"page\">\n\t\t\t\t<div class=\"elementor-element elementor-element-36afaa9 e-con-full e-flex e-con e-parent\" data-id=\"36afaa9\" data-element_type=\"container\" data-e-type=\"container\" data-settings=\"{&quot;jet_parallax_layout_list&quot;:[]}\">\n\t\t\t\t<div class=\"elementor-element elementor-element-efc50af elementor-widget__width-initial elementor-widget elementor-widget-heading\" data-id=\"efc50af\" data-element_type=\"widget\" data-e-type=\"widget\" data-widget_type=\"heading.default\">\n\t\t\t\t<div class=\"elementor-widget-container\">\n\t\t\t\t\t<h1 class=\"elementor-heading-title elementor-size-default\">Informations l\u00e9gales<\/h1>\t\t\t\t<\/div>\n\t\t\t\t<\/div>\n\t\t\t\t<div class=\"elementor-element elementor-element-215e842 elementor-widget__width-initial elementor-widget elementor-widget-heading\" data-id=\"215e842\" data-element_type=\"widget\" data-e-type=\"widget\" data-widget_type=\"heading.default\">\n\t\t\t\t<div class=\"elementor-widget-container\">\n\t\t\t\t\t<h3 class=\"elementor-heading-title elementor-size-default\">Cr\u00e9ation du site internet<\/h3>\t\t\t\t<\/div>\n\t\t\t\t<\/div>\n\t\t\t\t<div class=\"elementor-element elementor-element-3da38bb elementor-widget__width-initial elementor-widget elementor-widget-heading\" data-id=\"3da38bb\" data-element_type=\"widget\" data-e-type=\"widget\" data-widget_type=\"heading.default\">\n\t\t\t\t<div class=\"elementor-widget-container\">\n\t\t\t\t\t<p class=\"elementor-heading-title elementor-size-default\"><a href=\"https:\/\/wybe.fr\/\" target=\"_blank\">https:\/\/wybe.fr<\/a><\/p>\t\t\t\t<\/div>\n\t\t\t\t<\/div>\n\t\t\t\t<div class=\"elementor-element elementor-element-6502668 elementor-widget__width-initial elementor-widget elementor-widget-text-editor\" data-id=\"6502668\" data-element_type=\"widget\" data-e-type=\"widget\" data-widget_type=\"text-editor.default\">\n\t\t\t\t<div class=\"elementor-widget-container\">\n\t\t\t\t\t\t\t\t\t<h2>1. Utilisation et conservation de vos donn\u00e9es personnelles<\/h2>\nLes informations recueillies sur ce site internet sont enregistr\u00e9es dans une base de donn\u00e9es. Elles sont conserv\u00e9es pendant 5 ans et sont destin\u00e9es \u00e0 des fins statistiques et\/ou commerciales pour notre structure.\nCette base de donn\u00e9es est accessible uniquement par la direction et ses collaborateurs habilit\u00e9s.\n\nLa base l\u00e9gale du traitement est l\u2019int\u00e9r\u00eat l\u00e9gitime.\n\nLes informations recueillies sont la civilit\u00e9, le nom, le pr\u00e9nom, la soci\u00e9t\u00e9, la fonction, l\u2019email et le num\u00e9ro t\u00e9l\u00e9phone.\n\nConform\u00e9ment \u00e0 la loi \u00ab informatique et libert\u00e9s \u00bb, vous pouvez exercer votre droit d\u2019acc\u00e8s aux donn\u00e9es vous concernant et les faire rectifier en contactant :\n\nPar courrier \u00e0 la Direction (en recommand\u00e9 avec accus\u00e9 de r\u00e9ception)\nSur place \u00e0 notre si\u00e8ge social avec pr\u00e9sentation d\u2019une pi\u00e8ce d\u2019identit\u00e9 valable. Possibilit\u00e9 de se faire accompagner par la personne de son choix. Il est possible de demander une copie des donn\u00e9es\n<strong>Par mail :<\/strong> <span style=\"color: #993300;\"><a style=\"color: #993300;\" href=\"mailto:thierry.jay@andre-bazin.fr\/food-service\">thierry.jay@andre-bazin.fr\/food-service<\/a><\/span>\n<h2>2. Consentement et Traitement de vos donn\u00e9es personnelles<\/h2>\nVos donn\u00e9es personnelles ne seront jamais communiqu\u00e9es \u00e0 des tiers. Vous autorisez explicitement le stockage et le traitement de vos donn\u00e9es dans le but d\u2019\u00eatre inform\u00e9 sur les services \u00e0 savoir :\n\nLes actualit\u00e9s de notre structure\nLa r\u00e9ception de newsletter d\u2019informations\nLe service communication \u00e0 vous communiquer des informations personnalis\u00e9es sur nos services et \u00e9v\u00e9nements\n<h2>3. Retrait du Consentement concernant vos donn\u00e9es personnelles<\/h2>\n<h3>3.1. Droit d\u2019acc\u00e8s \u00e0 vos donn\u00e9es personnelles<\/h3>\nVous disposez d\u2019un droit d\u2019acc\u00e8s, de modification et\/ou de suppression des donn\u00e9es vous concernant \u00e0 tout moment en nous contactant:\n\nPar courrier \u00e0 la Direction (en recommand\u00e9 avec accus\u00e9 de r\u00e9ception)\nSur place \u00e0 notre si\u00e8ge social avec pr\u00e9sentation d\u2019une pi\u00e8ce d\u2019identit\u00e9 valable. Possibilit\u00e9 de se faire accompagner par la personne de son choix. Il est possible de demander une copie des donn\u00e9es\n<strong>Par mail :<\/strong> <span style=\"color: #993300;\"><a style=\"color: #993300;\" href=\"mailto:thierry.jay@andre-bazin.fr\/food-service\">thierry.jay@andre-bazin.fr\/food-service<\/a><\/span>\nLe (les) responsable de la base de donn\u00e9es dispose d\u2019un d\u00e9lai de r\u00e9ponse maximal de 2 mois \u00e0 compter de la demande, qu\u2019elle ait \u00e9t\u00e9 exerc\u00e9e par voie postale ou sur place.\n<h3>3.2. Modification de vos abonnements et pr\u00e9f\u00e9rences<\/h3>\nVous pouvez aussi modifier librement vos abonnements \u00e0 nos communications en cliquant sur les liens de d\u00e9sabonnement en bas de chacune de nos communications envoy\u00e9es par e-mail (newsletter).\nVous pouvez \u00e9galement nous contacter :\n\nPar courrier \u00e0 la Direction (en recommand\u00e9 avec accus\u00e9 de r\u00e9ception)\nSur place \u00e0 notre si\u00e8ge social avec pr\u00e9sentation d\u2019une pi\u00e8ce d\u2019identit\u00e9 valable. Possibilit\u00e9 de se faire accompagner par la personne de son choix. Il est possible de demander une copie des donn\u00e9es\n<strong>Par mail :<\/strong> <span style=\"color: #993300;\"><a style=\"color: #993300;\" href=\"mailto:thierry.jay@andre-bazin.fr\/food-service\">thierry.jay@andre-bazin.fr\/food-service<\/a><\/span>\n<h2><strong>4. Utilisation des cookies<\/strong><\/h2>\nLes cookies nous permettent de personnaliser le contenu et d&rsquo;offrir des fonctionnalit\u00e9s relatives aux m\u00e9dias sociaux et d&rsquo;analyser notre trafic. Nous partageons \u00e9galement des informations sur l&rsquo;utilisation de notre site avec nos partenaires qui peuvent combiner celles-ci avec d&rsquo;autres informations que vous leur avez fournies ou qu&rsquo;ils ont collect\u00e9es lors de l\u2019utilisation de notre site.\n<table style=\"border-collapse: collapse; width: 100%;\" border=\"1\" cellspacing=\"0\" cellpadding=\"5\">\n<thead style=\"background-color: #d9e2f3;\">\n<tr>\n<th style=\"text-align: left;\" colspan=\"5\">Traitements de donn\u00e9es via Cookies \/ traceurs sur le site internet <span style=\"text-decoration: underline;\"><span style=\"color: #000000;\"><a style=\"color: #000000; text-decoration: underline;\" href=\"http:\/\/andre-bazin.fr\/food-service\/\" target=\"_blank\" rel=\"noopener\">andre-bazin.fr\/food-service\/<\/a><\/span><\/span><\/th>\n<\/tr>\n<tr>\n<th>Nom Cookie \/ Traceur<\/th>\n<th>Type (n\u00e9cessaire, statistiques, &#8230;)<\/th>\n<th>Donn\u00e9es collect\u00e9es<\/th>\n<th>Dur\u00e9e<\/th>\n<th>Description<\/th>\n<\/tr>\n<\/thead>\n<tbody><!-- Cookies n\u00e9cessaires Axeptio -->\n<tr>\n<td>axepio_all_vendors<\/td>\n<td>N\u00e9cessaire<\/td>\n<td>Liste des fournisseurs propos\u00e9s par Axeptio<\/td>\n<td>Session<\/td>\n<td>Contient la liste de tous les cookies d\u00e9clar\u00e9s dans votre widget Axeptio<\/td>\n<\/tr>\n<tr>\n<td>axepio_authorized_vendors<\/td>\n<td>N\u00e9cessaire<\/td>\n<td>Liste des fournisseurs accept\u00e9s par l\u2019utilisateur<\/td>\n<td>Session<\/td>\n<td>Contient la liste des cookies accept\u00e9s par le visiteur<\/td>\n<\/tr>\n<tr>\n<td>axepio_cache_identifier<\/td>\n<td>N\u00e9cessaire<\/td>\n<td>Identifiant technique de la version du widget Axeptio<\/td>\n<td>Session<\/td>\n<td>Sert \u00e0 optimiser le chargement de la banni\u00e8re de consentement. Ne contient pas de donn\u00e9es personnelles.<\/td>\n<\/tr>\n<tr>\n<td>axepio_cookies<\/td>\n<td>N\u00e9cessaire<\/td>\n<td>Pr\u00e9f\u00e9rences de consentement par cat\u00e9gorie<\/td>\n<td>12 mois<\/td>\n<td>Contient les informations sur le consentement du visiteur (date, identifiant anonyme, statut)<\/td>\n<\/tr>\n<!-- Cookies statistiques & marketing -->\n<tr>\n<td>_ga<\/td>\n<td>Statistiques (Google Analytics)<\/td>\n<td>Identifiant anonyme pour suivi des visites<\/td>\n<td>13 mois<\/td>\n<td>Utilis\u00e9 pour distinguer les utilisateurs sur Google Analytics<\/td>\n<\/tr>\n<tr>\n<td>_ga_&lt;container-id&gt;<\/td>\n<td>Statistiques (Google Analytics)<\/td>\n<td>Donn\u00e9es agr\u00e9g\u00e9es sur le comportement utilisateur<\/td>\n<td>13 mois<\/td>\n<td>Associe les donn\u00e9es \u00e0 une propri\u00e9t\u00e9 GA sp\u00e9cifique<\/td>\n<\/tr>\n<tr>\n<td>_gid<\/td>\n<td>Statistiques (Google Analytics)<\/td>\n<td>Identifiant temporaire de session<\/td>\n<td>24 heures<\/td>\n<td>Distingue les utilisateurs pendant une journ\u00e9e<\/td>\n<\/tr>\n<tr>\n<td>_gat<\/td>\n<td>Statistiques (Google Analytics)<\/td>\n<td>Limitation du taux de requ\u00eates<\/td>\n<td>1 minute<\/td>\n<td>Optimise les performances du service Analytics<\/td>\n<\/tr>\n<tr>\n<td>_gcl_au<\/td>\n<td>Marketing (Google Ads via GTM)<\/td>\n<td>Identifiant de conversion<\/td>\n<td>3 mois<\/td>\n<td>Utilis\u00e9 par Google Tag Manager pour suivre l\u2019efficacit\u00e9 publicitaire<\/td>\n<\/tr>\n<\/tbody>\n<\/table>\t\t\t\t\t\t\t\t<\/div>\n\t\t\t\t<\/div>\n\t\t\t\t<\/div>\n\t\t\t\t<\/div>\n\t\t","protected":false},"excerpt":{"rendered":"<p>Informations l\u00e9gales Cr\u00e9ation du site internet https:\/\/wybe.fr 1. Utilisation et conservation de vos donn\u00e9es personnelles Les informations recueillies sur ce site internet sont enregistr\u00e9es dans une base de donn\u00e9es. Elles sont conserv\u00e9es pendant 5 ans et sont destin\u00e9es \u00e0 des fins statistiques et\/ou commerciales pour notre structure. Cette base de donn\u00e9es est accessible uniquement par [&hellip;]<\/p>\n","protected":false},"author":1,"featured_media":3670,"parent":0,"menu_order":0,"comment_status":"closed","ping_status":"closed","template":"","meta":{"footnotes":""},"class_list":["post-3628","page","type-page","status-publish","has-post-thumbnail","hentry"],"yoast_head":"<!-- This site is optimized with the Yoast SEO plugin v27.3 - https:\/\/yoast.com\/product\/yoast-seo-wordpress\/ -->\n<title>Food service - politique de confidentialit\u00e9<\/title>\n<meta name=\"description\" content=\"Consultez la politique de confidentialit\u00e9 food service d&#039;Andr\u00e9 Bazin pour comprendre comment vos donn\u00e9es sont collect\u00e9es\" \/>\n<meta name=\"robots\" content=\"index, follow, max-snippet:-1, max-image-preview:large, max-video-preview:-1\" \/>\n<link rel=\"canonical\" href=\"https:\/\/andre-bazin.fr\/food-service\/politique-de-confidentialite\/\" \/>\n<meta property=\"og:locale\" content=\"fr_FR\" \/>\n<meta property=\"og:type\" content=\"article\" \/>\n<meta property=\"og:title\" content=\"Food service - politique de confidentialit\u00e9\" \/>\n<meta property=\"og:description\" content=\"Consultez la politique de confidentialit\u00e9 food service d&#039;Andr\u00e9 Bazin pour comprendre comment vos donn\u00e9es sont collect\u00e9es\" \/>\n<meta property=\"og:url\" content=\"https:\/\/andre-bazin.fr\/food-service\/politique-de-confidentialite\/\" \/>\n<meta property=\"og:site_name\" content=\"Food Service - Andre Bazin - Charcuterie et Salaison\" \/>\n<meta property=\"article:modified_time\" content=\"2025-06-12T14:19:23+00:00\" \/>\n<meta property=\"og:image\" content=\"https:\/\/andre-bazin.fr\/food-service\/wp-content\/uploads\/sites\/8\/2024\/12\/Protocole-OG.png\" \/>\n\t<meta property=\"og:image:width\" content=\"1920\" \/>\n\t<meta property=\"og:image:height\" content=\"1080\" \/>\n\t<meta property=\"og:image:type\" content=\"image\/png\" \/>\n<meta name=\"twitter:card\" content=\"summary_large_image\" \/>\n<meta name=\"twitter:label1\" content=\"Dur\u00e9e de lecture estim\u00e9e\" \/>\n\t<meta name=\"twitter:data1\" content=\"4 minutes\" \/>\n<script type=\"application\/ld+json\" class=\"yoast-schema-graph\">{\"@context\":\"https:\\\/\\\/schema.org\",\"@graph\":[{\"@type\":\"WebPage\",\"@id\":\"https:\\\/\\\/andre-bazin.fr\\\/food-service\\\/politique-de-confidentialite\\\/\",\"url\":\"https:\\\/\\\/andre-bazin.fr\\\/food-service\\\/politique-de-confidentialite\\\/\",\"name\":\"Food service - politique de confidentialit\u00e9\",\"isPartOf\":{\"@id\":\"https:\\\/\\\/andre-bazin.fr\\\/food-service\\\/#website\"},\"primaryImageOfPage\":{\"@id\":\"https:\\\/\\\/andre-bazin.fr\\\/food-service\\\/politique-de-confidentialite\\\/#primaryimage\"},\"image\":{\"@id\":\"https:\\\/\\\/andre-bazin.fr\\\/food-service\\\/politique-de-confidentialite\\\/#primaryimage\"},\"thumbnailUrl\":\"https:\\\/\\\/andre-bazin.fr\\\/food-service\\\/wp-content\\\/uploads\\\/sites\\\/8\\\/2024\\\/12\\\/Protocole-OG.png\",\"datePublished\":\"2024-12-06T10:10:45+00:00\",\"dateModified\":\"2025-06-12T14:19:23+00:00\",\"description\":\"Consultez la politique de confidentialit\u00e9 food service d'Andr\u00e9 Bazin pour comprendre comment vos donn\u00e9es sont collect\u00e9es\",\"breadcrumb\":{\"@id\":\"https:\\\/\\\/andre-bazin.fr\\\/food-service\\\/politique-de-confidentialite\\\/#breadcrumb\"},\"inLanguage\":\"fr-FR\",\"potentialAction\":[{\"@type\":\"ReadAction\",\"target\":[\"https:\\\/\\\/andre-bazin.fr\\\/food-service\\\/politique-de-confidentialite\\\/\"]}]},{\"@type\":\"ImageObject\",\"inLanguage\":\"fr-FR\",\"@id\":\"https:\\\/\\\/andre-bazin.fr\\\/food-service\\\/politique-de-confidentialite\\\/#primaryimage\",\"url\":\"https:\\\/\\\/andre-bazin.fr\\\/food-service\\\/wp-content\\\/uploads\\\/sites\\\/8\\\/2024\\\/12\\\/Protocole-OG.png\",\"contentUrl\":\"https:\\\/\\\/andre-bazin.fr\\\/food-service\\\/wp-content\\\/uploads\\\/sites\\\/8\\\/2024\\\/12\\\/Protocole-OG.png\",\"width\":1920,\"height\":1080},{\"@type\":\"BreadcrumbList\",\"@id\":\"https:\\\/\\\/andre-bazin.fr\\\/food-service\\\/politique-de-confidentialite\\\/#breadcrumb\",\"itemListElement\":[{\"@type\":\"ListItem\",\"position\":1,\"name\":\"Accueil\",\"item\":\"https:\\\/\\\/andre-bazin.fr\\\/food-service\\\/\"},{\"@type\":\"ListItem\",\"position\":2,\"name\":\"Politique de confidentialit\u00e9\"}]},{\"@type\":\"WebSite\",\"@id\":\"https:\\\/\\\/andre-bazin.fr\\\/food-service\\\/#website\",\"url\":\"https:\\\/\\\/andre-bazin.fr\\\/food-service\\\/\",\"name\":\"Food Service - Andre Bazin - Charcuterie et Salaison\",\"description\":\"\",\"publisher\":{\"@id\":\"https:\\\/\\\/andre-bazin.fr\\\/food-service\\\/#organization\"},\"potentialAction\":[{\"@type\":\"SearchAction\",\"target\":{\"@type\":\"EntryPoint\",\"urlTemplate\":\"https:\\\/\\\/andre-bazin.fr\\\/food-service\\\/?s={search_term_string}\"},\"query-input\":{\"@type\":\"PropertyValueSpecification\",\"valueRequired\":true,\"valueName\":\"search_term_string\"}}],\"inLanguage\":\"fr-FR\"},{\"@type\":\"Organization\",\"@id\":\"https:\\\/\\\/andre-bazin.fr\\\/food-service\\\/#organization\",\"name\":\"Food Service - Andre Bazin - Charcuterie et Salaison\",\"url\":\"https:\\\/\\\/andre-bazin.fr\\\/food-service\\\/\",\"logo\":{\"@type\":\"ImageObject\",\"inLanguage\":\"fr-FR\",\"@id\":\"https:\\\/\\\/andre-bazin.fr\\\/food-service\\\/#\\\/schema\\\/logo\\\/image\\\/\",\"url\":\"https:\\\/\\\/andre-bazin.fr\\\/food-service\\\/wp-content\\\/uploads\\\/sites\\\/8\\\/2024\\\/05\\\/LOGO_ANDRE_BAZIN-HD.png\",\"contentUrl\":\"https:\\\/\\\/andre-bazin.fr\\\/food-service\\\/wp-content\\\/uploads\\\/sites\\\/8\\\/2024\\\/05\\\/LOGO_ANDRE_BAZIN-HD.png\",\"width\":1515,\"height\":660,\"caption\":\"Food Service - Andre Bazin - Charcuterie et Salaison\"},\"image\":{\"@id\":\"https:\\\/\\\/andre-bazin.fr\\\/food-service\\\/#\\\/schema\\\/logo\\\/image\\\/\"}}]}<\/script>\n<!-- \/ Yoast SEO plugin. -->","yoast_head_json":{"title":"Food service - politique de confidentialit\u00e9","description":"Consultez la politique de confidentialit\u00e9 food service d'Andr\u00e9 Bazin pour comprendre comment vos donn\u00e9es sont collect\u00e9es","robots":{"index":"index","follow":"follow","max-snippet":"max-snippet:-1","max-image-preview":"max-image-preview:large","max-video-preview":"max-video-preview:-1"},"canonical":"https:\/\/andre-bazin.fr\/food-service\/politique-de-confidentialite\/","og_locale":"fr_FR","og_type":"article","og_title":"Food service - politique de confidentialit\u00e9","og_description":"Consultez la politique de confidentialit\u00e9 food service d'Andr\u00e9 Bazin pour comprendre comment vos donn\u00e9es sont collect\u00e9es","og_url":"https:\/\/andre-bazin.fr\/food-service\/politique-de-confidentialite\/","og_site_name":"Food Service - Andre Bazin - Charcuterie et Salaison","article_modified_time":"2025-06-12T14:19:23+00:00","og_image":[{"width":1920,"height":1080,"url":"https:\/\/andre-bazin.fr\/food-service\/wp-content\/uploads\/sites\/8\/2024\/12\/Protocole-OG.png","type":"image\/png"}],"twitter_card":"summary_large_image","twitter_misc":{"Dur\u00e9e de lecture estim\u00e9e":"4 minutes"},"schema":{"@context":"https:\/\/schema.org","@graph":[{"@type":"WebPage","@id":"https:\/\/andre-bazin.fr\/food-service\/politique-de-confidentialite\/","url":"https:\/\/andre-bazin.fr\/food-service\/politique-de-confidentialite\/","name":"Food service - politique de confidentialit\u00e9","isPartOf":{"@id":"https:\/\/andre-bazin.fr\/food-service\/#website"},"primaryImageOfPage":{"@id":"https:\/\/andre-bazin.fr\/food-service\/politique-de-confidentialite\/#primaryimage"},"image":{"@id":"https:\/\/andre-bazin.fr\/food-service\/politique-de-confidentialite\/#primaryimage"},"thumbnailUrl":"https:\/\/andre-bazin.fr\/food-service\/wp-content\/uploads\/sites\/8\/2024\/12\/Protocole-OG.png","datePublished":"2024-12-06T10:10:45+00:00","dateModified":"2025-06-12T14:19:23+00:00","description":"Consultez la politique de confidentialit\u00e9 food service d'Andr\u00e9 Bazin pour comprendre comment vos donn\u00e9es sont collect\u00e9es","breadcrumb":{"@id":"https:\/\/andre-bazin.fr\/food-service\/politique-de-confidentialite\/#breadcrumb"},"inLanguage":"fr-FR","potentialAction":[{"@type":"ReadAction","target":["https:\/\/andre-bazin.fr\/food-service\/politique-de-confidentialite\/"]}]},{"@type":"ImageObject","inLanguage":"fr-FR","@id":"https:\/\/andre-bazin.fr\/food-service\/politique-de-confidentialite\/#primaryimage","url":"https:\/\/andre-bazin.fr\/food-service\/wp-content\/uploads\/sites\/8\/2024\/12\/Protocole-OG.png","contentUrl":"https:\/\/andre-bazin.fr\/food-service\/wp-content\/uploads\/sites\/8\/2024\/12\/Protocole-OG.png","width":1920,"height":1080},{"@type":"BreadcrumbList","@id":"https:\/\/andre-bazin.fr\/food-service\/politique-de-confidentialite\/#breadcrumb","itemListElement":[{"@type":"ListItem","position":1,"name":"Accueil","item":"https:\/\/andre-bazin.fr\/food-service\/"},{"@type":"ListItem","position":2,"name":"Politique de confidentialit\u00e9"}]},{"@type":"WebSite","@id":"https:\/\/andre-bazin.fr\/food-service\/#website","url":"https:\/\/andre-bazin.fr\/food-service\/","name":"Food Service - Andre Bazin - Charcuterie et Salaison","description":"","publisher":{"@id":"https:\/\/andre-bazin.fr\/food-service\/#organization"},"potentialAction":[{"@type":"SearchAction","target":{"@type":"EntryPoint","urlTemplate":"https:\/\/andre-bazin.fr\/food-service\/?s={search_term_string}"},"query-input":{"@type":"PropertyValueSpecification","valueRequired":true,"valueName":"search_term_string"}}],"inLanguage":"fr-FR"},{"@type":"Organization","@id":"https:\/\/andre-bazin.fr\/food-service\/#organization","name":"Food Service - Andre Bazin - Charcuterie et Salaison","url":"https:\/\/andre-bazin.fr\/food-service\/","logo":{"@type":"ImageObject","inLanguage":"fr-FR","@id":"https:\/\/andre-bazin.fr\/food-service\/#\/schema\/logo\/image\/","url":"https:\/\/andre-bazin.fr\/food-service\/wp-content\/uploads\/sites\/8\/2024\/05\/LOGO_ANDRE_BAZIN-HD.png","contentUrl":"https:\/\/andre-bazin.fr\/food-service\/wp-content\/uploads\/sites\/8\/2024\/05\/LOGO_ANDRE_BAZIN-HD.png","width":1515,"height":660,"caption":"Food Service - Andre Bazin - Charcuterie et Salaison"},"image":{"@id":"https:\/\/andre-bazin.fr\/food-service\/#\/schema\/logo\/image\/"}}]}},"_links":{"self":[{"href":"https:\/\/andre-bazin.fr\/food-service\/wp-json\/wp\/v2\/pages\/3628","targetHints":{"allow":["GET"]}}],"collection":[{"href":"https:\/\/andre-bazin.fr\/food-service\/wp-json\/wp\/v2\/pages"}],"about":[{"href":"https:\/\/andre-bazin.fr\/food-service\/wp-json\/wp\/v2\/types\/page"}],"author":[{"embeddable":true,"href":"https:\/\/andre-bazin.fr\/food-service\/wp-json\/wp\/v2\/users\/1"}],"replies":[{"embeddable":true,"href":"https:\/\/andre-bazin.fr\/food-service\/wp-json\/wp\/v2\/comments?post=3628"}],"version-history":[{"count":10,"href":"https:\/\/andre-bazin.fr\/food-service\/wp-json\/wp\/v2\/pages\/3628\/revisions"}],"predecessor-version":[{"id":4546,"href":"https:\/\/andre-bazin.fr\/food-service\/wp-json\/wp\/v2\/pages\/3628\/revisions\/4546"}],"wp:featuredmedia":[{"embeddable":true,"href":"https:\/\/andre-bazin.fr\/food-service\/wp-json\/wp\/v2\/media\/3670"}],"wp:attachment":[{"href":"https:\/\/andre-bazin.fr\/food-service\/wp-json\/wp\/v2\/media?parent=3628"}],"curies":[{"name":"wp","href":"https:\/\/api.w.org\/{rel}","templated":true}]}}