{"id":660,"date":"2024-05-22T12:54:36","date_gmt":"2024-05-22T12:54:36","guid":{"rendered":"https:\/\/andre-bazin.fr\/gms\/?page_id=660"},"modified":"2025-01-03T14:51:25","modified_gmt":"2025-01-03T14:51:25","slug":"fiche-recrutement","status":"publish","type":"page","link":"https:\/\/andre-bazin.fr\/gms\/fiche-recrutement\/","title":{"rendered":"Fiche recrutement"},"content":{"rendered":"\t\t<div data-elementor-type=\"wp-page\" data-elementor-id=\"660\" class=\"elementor elementor-660\" data-elementor-post-type=\"page\">\n\t\t\t\t<div class=\"elementor-element elementor-element-cb631fe e-con-full e-flex e-con e-parent\" data-id=\"cb631fe\" data-element_type=\"container\" data-e-type=\"container\" data-settings=\"{&quot;jet_parallax_layout_list&quot;:[]}\">\n\t\t<div class=\"elementor-element elementor-element-d52370f e-con-full e-flex e-con e-child\" data-id=\"d52370f\" data-element_type=\"container\" data-e-type=\"container\" data-settings=\"{&quot;jet_parallax_layout_list&quot;:[]}\">\n\t\t\t\t<div class=\"elementor-element elementor-element-1ac39b1 elementor-widget__width-initial elementor-widget elementor-widget-heading\" data-id=\"1ac39b1\" data-element_type=\"widget\" data-e-type=\"widget\" data-widget_type=\"heading.default\">\n\t\t\t\t<div class=\"elementor-widget-container\">\n\t\t\t\t\t<h2 class=\"elementor-heading-title elementor-size-default\">OP\u00c9RATEUR <BR>DE PRODUCTION<\/h2>\t\t\t\t<\/div>\n\t\t\t\t<\/div>\n\t\t\t\t<\/div>\n\t\t<div class=\"elementor-element elementor-element-101acc9 e-con-full e-flex e-con e-child\" data-id=\"101acc9\" data-element_type=\"container\" data-e-type=\"container\" data-settings=\"{&quot;background_background&quot;:&quot;classic&quot;,&quot;jet_parallax_layout_list&quot;:[]}\">\n\t\t\t\t<\/div>\n\t\t\t\t<\/div>\n\t\t<div class=\"elementor-element elementor-element-1fb98b9 e-flex e-con-boxed e-con e-parent\" data-id=\"1fb98b9\" data-element_type=\"container\" data-e-type=\"container\" data-settings=\"{&quot;jet_parallax_layout_list&quot;:[]}\">\n\t\t\t\t\t<div class=\"e-con-inner\">\n\t\t<div class=\"elementor-element elementor-element-d5086b7 e-con-full e-flex e-con e-child\" data-id=\"d5086b7\" data-element_type=\"container\" data-e-type=\"container\" data-settings=\"{&quot;jet_parallax_layout_list&quot;:[]}\">\n\t\t\t\t<div class=\"elementor-element elementor-element-c08f133 elementor-icon-list--layout-traditional elementor-list-item-link-full_width elementor-widget elementor-widget-icon-list\" data-id=\"c08f133\" data-element_type=\"widget\" data-e-type=\"widget\" data-widget_type=\"icon-list.default\">\n\t\t\t\t<div class=\"elementor-widget-container\">\n\t\t\t\t\t\t\t<ul class=\"elementor-icon-list-items\">\n\t\t\t\t\t\t\t<li class=\"elementor-icon-list-item\">\n\t\t\t\t\t\t\t\t\t\t\t<span class=\"elementor-icon-list-icon\">\n\t\t\t\t\t\t\t<svg aria-hidden=\"true\" class=\"e-font-icon-svg e-fas-suitcase\" viewBox=\"0 0 512 512\" xmlns=\"http:\/\/www.w3.org\/2000\/svg\"><path d=\"M128 480h256V80c0-26.5-21.5-48-48-48H176c-26.5 0-48 21.5-48 48v400zm64-384h128v32H192V96zm320 80v256c0 26.5-21.5 48-48 48h-48V128h48c26.5 0 48 21.5 48 48zM96 480H48c-26.5 0-48-21.5-48-48V176c0-26.5 21.5-48 48-48h48v352z\"><\/path><\/svg>\t\t\t\t\t\t<\/span>\n\t\t\t\t\t\t\t\t\t\t<span class=\"elementor-icon-list-text\">int\u00e9rim \u00e9volutif en CDD<\/span>\n\t\t\t\t\t\t\t\t\t<\/li>\n\t\t\t\t\t\t\t\t<li class=\"elementor-icon-list-item\">\n\t\t\t\t\t\t\t\t\t\t\t<span class=\"elementor-icon-list-icon\">\n\t\t\t\t\t\t\t<svg aria-hidden=\"true\" class=\"e-font-icon-svg e-fas-map-marker-alt\" viewBox=\"0 0 384 512\" xmlns=\"http:\/\/www.w3.org\/2000\/svg\"><path d=\"M172.268 501.67C26.97 291.031 0 269.413 0 192 0 85.961 85.961 0 192 0s192 85.961 192 192c0 77.413-26.97 99.031-172.268 309.67-9.535 13.774-29.93 13.773-39.464 0zM192 272c44.183 0 80-35.817 80-80s-35.817-80-80-80-80 35.817-80 80 35.817 80 80 80z\"><\/path><\/svg>\t\t\t\t\t\t<\/span>\n\t\t\t\t\t\t\t\t\t\t<span class=\"elementor-icon-list-text\">Breuches les Luxeuil<\/span>\n\t\t\t\t\t\t\t\t\t<\/li>\n\t\t\t\t\t\t<\/ul>\n\t\t\t\t\t\t<\/div>\n\t\t\t\t<\/div>\n\t\t\t\t<div class=\"elementor-element elementor-element-71e79a3 elementor-widget__width-initial elementor-widget elementor-widget-text-editor\" data-id=\"71e79a3\" data-element_type=\"widget\" data-e-type=\"widget\" data-widget_type=\"text-editor.default\">\n\t\t\t\t<div class=\"elementor-widget-container\">\n\t\t\t\t\t\t\t\t\t<p>Si vous \u00eates pr\u00eat(e) pour cette nouvelle exp\u00e9rience, rejoignez-nous et postulez ! Lettre de motivation &amp; CV <br \/><br \/><strong>emeline.faivre@andre-bazin.fr\/gms<\/strong><\/p>\t\t\t\t\t\t\t\t<\/div>\n\t\t\t\t<\/div>\n\t\t\t\t<div class=\"elementor-element elementor-element-4a05b0c elementor-widget elementor-widget-button\" data-id=\"4a05b0c\" data-element_type=\"widget\" data-e-type=\"widget\" data-widget_type=\"button.default\">\n\t\t\t\t<div class=\"elementor-widget-container\">\n\t\t\t\t\t\t\t\t\t<div class=\"elementor-button-wrapper\">\n\t\t\t\t\t<a class=\"elementor-button elementor-button-link elementor-size-sm\" href=\"#\">\n\t\t\t\t\t\t<span class=\"elementor-button-content-wrapper\">\n\t\t\t\t\t\t\t\t\t<span class=\"elementor-button-text\">Postulez \u00e0 cette offre<\/span>\n\t\t\t\t\t<\/span>\n\t\t\t\t\t<\/a>\n\t\t\t\t<\/div>\n\t\t\t\t\t\t\t\t<\/div>\n\t\t\t\t<\/div>\n\t\t\t\t<\/div>\n\t\t<div class=\"elementor-element elementor-element-c27ea00 e-con-full e-flex e-con e-child\" data-id=\"c27ea00\" data-element_type=\"container\" data-e-type=\"container\" data-settings=\"{&quot;jet_parallax_layout_list&quot;:[]}\">\n\t\t\t\t<div class=\"elementor-element elementor-element-3984872 elementor-widget elementor-widget-heading\" data-id=\"3984872\" data-element_type=\"widget\" data-e-type=\"widget\" data-widget_type=\"heading.default\">\n\t\t\t\t<div class=\"elementor-widget-container\">\n\t\t\t\t\t<h2 class=\"elementor-heading-title elementor-size-default\">Crit\u00e8res<\/h2>\t\t\t\t<\/div>\n\t\t\t\t<\/div>\n\t\t\t\t<div class=\"elementor-element elementor-element-fd727df elementor-widget__width-inherit elementor-widget elementor-widget-text-editor\" data-id=\"fd727df\" data-element_type=\"widget\" data-e-type=\"widget\" data-widget_type=\"text-editor.default\">\n\t\t\t\t<div class=\"elementor-widget-container\">\n\t\t\t\t\t\t\t\t\t<ul>\n \t<li>Int\u00e9grerez une soci\u00e9t\u00e9 dynamique, experte dans son domaine et ancr\u00e9e sur le territoire<\/li>\n \t<li>Rejoindrez une \u00e9quipe qui aura \u00e0 c\u0153ur de transmettre son savoir-faire.<\/li>\n \t<li>Elaborez des produits locaux, savoureux et innovants<\/li>\n \t<li>Partagerez notre passion du go\u00fbt !<\/li>\n<\/ul>\n<br>Tous cela en respectant les normes d\u2019hygi\u00e8ne et de s\u00e9curit\u00e9 !\t\t\t\t\t\t\t\t<\/div>\n\t\t\t\t<\/div>\n\t\t\t\t<div class=\"elementor-element elementor-element-9ee11d3 elementor-arrows-position-inside elementor-pagination-position-outside elementor-widget elementor-widget-image-carousel\" data-id=\"9ee11d3\" data-element_type=\"widget\" data-e-type=\"widget\" data-settings=\"{&quot;slides_to_show&quot;:&quot;2&quot;,&quot;navigation&quot;:&quot;both&quot;,&quot;autoplay&quot;:&quot;yes&quot;,&quot;pause_on_hover&quot;:&quot;yes&quot;,&quot;pause_on_interaction&quot;:&quot;yes&quot;,&quot;autoplay_speed&quot;:5000,&quot;infinite&quot;:&quot;yes&quot;,&quot;speed&quot;:500}\" data-widget_type=\"image-carousel.default\">\n\t\t\t\t<div class=\"elementor-widget-container\">\n\t\t\t\t\t\t\t<div class=\"elementor-image-carousel-wrapper swiper\" role=\"region\" aria-roledescription=\"carousel\" aria-label=\"Carrousel d\u2019images\" dir=\"ltr\">\n\t\t\t<div class=\"elementor-image-carousel swiper-wrapper\" aria-live=\"off\">\n\t\t\t\t\t\t\t\t<div class=\"swiper-slide\" role=\"group\" aria-roledescription=\"slide\" aria-label=\"1 sur 2\"><figure class=\"swiper-slide-inner\"><img decoding=\"async\" class=\"swiper-slide-image\" src=\"https:\/\/andre-bazin.fr\/gms\/wp-content\/uploads\/sites\/7\/2024\/05\/bazin-mai-2022-23-1-1.png\" alt=\"bazin-mai-2022-23 1\" \/><\/figure><\/div><div class=\"swiper-slide\" role=\"group\" aria-roledescription=\"slide\" aria-label=\"2 sur 2\"><figure class=\"swiper-slide-inner\"><img decoding=\"async\" class=\"swiper-slide-image\" src=\"https:\/\/andre-bazin.fr\/gms\/wp-content\/uploads\/sites\/7\/2024\/05\/bazin-mai-2022-23-1.png\" alt=\"bazin-mai-2022-23 1\" \/><\/figure><\/div>\t\t\t<\/div>\n\t\t\t\t\t\t\t\t\t\t\t\t<div class=\"elementor-swiper-button elementor-swiper-button-prev\" role=\"button\" tabindex=\"0\">\n\t\t\t\t\t\t<svg aria-hidden=\"true\" class=\"e-font-icon-svg e-eicon-chevron-left\" viewBox=\"0 0 1000 1000\" xmlns=\"http:\/\/www.w3.org\/2000\/svg\"><path d=\"M646 125C629 125 613 133 604 142L308 442C296 454 292 471 292 487 292 504 296 521 308 533L604 854C617 867 629 875 646 875 663 875 679 871 692 858 704 846 713 829 713 812 713 796 708 779 692 767L438 487 692 225C700 217 708 204 708 187 708 171 704 154 692 142 675 129 663 125 646 125Z\"><\/path><\/svg>\t\t\t\t\t<\/div>\n\t\t\t\t\t<div class=\"elementor-swiper-button elementor-swiper-button-next\" role=\"button\" tabindex=\"0\">\n\t\t\t\t\t\t<svg aria-hidden=\"true\" class=\"e-font-icon-svg e-eicon-chevron-right\" viewBox=\"0 0 1000 1000\" xmlns=\"http:\/\/www.w3.org\/2000\/svg\"><path d=\"M696 533C708 521 713 504 713 487 713 471 708 454 696 446L400 146C388 133 375 125 354 125 338 125 325 129 313 142 300 154 292 171 292 187 292 204 296 221 308 233L563 492 304 771C292 783 288 800 288 817 288 833 296 850 308 863 321 871 338 875 354 875 371 875 388 867 400 854L696 533Z\"><\/path><\/svg>\t\t\t\t\t<\/div>\n\t\t\t\t\n\t\t\t\t\t\t\t\t\t<div class=\"swiper-pagination\"><\/div>\n\t\t\t\t\t\t\t\t\t<\/div>\n\t\t\t\t\t\t<\/div>\n\t\t\t\t<\/div>\n\t\t\t\t<div class=\"elementor-element elementor-element-286cbda elementor-widget elementor-widget-heading\" data-id=\"286cbda\" data-element_type=\"widget\" data-e-type=\"widget\" data-widget_type=\"heading.default\">\n\t\t\t\t<div class=\"elementor-widget-container\">\n\t\t\t\t\t<h2 class=\"elementor-heading-title elementor-size-default\">Votre profil<\/h2>\t\t\t\t<\/div>\n\t\t\t\t<\/div>\n\t\t\t\t<div class=\"elementor-element elementor-element-a045d1a elementor-widget__width-initial elementor-widget elementor-widget-text-editor\" data-id=\"a045d1a\" data-element_type=\"widget\" data-e-type=\"widget\" data-widget_type=\"text-editor.default\">\n\t\t\t\t<div class=\"elementor-widget-container\">\n\t\t\t\t\t\t\t\t\t<p>Vous \u00eatre rigoureux, autonome et vous faites preuve d\u2019un tr\u00e8s bon relationnel. Vous aimez le travail en \u00e9quipe et vous avez id\u00e9alement une premi\u00e8re exp\u00e9rience dans le milieu agroalimentaire ou industriel.<br \/><br \/>Rejoignez nos \u00e9quipes !<\/p>\t\t\t\t\t\t\t\t<\/div>\n\t\t\t\t<\/div>\n\t\t\t\t<\/div>\n\t\t\t\t\t<\/div>\n\t\t\t\t<\/div>\n\t\t\t\t<\/div>\n\t\t","protected":false},"excerpt":{"rendered":"<p>OP\u00c9RATEUR DE PRODUCTION int\u00e9rim \u00e9volutif en CDD Breuches les Luxeuil Si vous \u00eates pr\u00eat(e) pour cette nouvelle exp\u00e9rience, rejoignez-nous et postulez ! Lettre de motivation &amp; CV emeline.faivre@andre-bazin.fr\/gms Postulez \u00e0 cette offre Crit\u00e8res Int\u00e9grerez une soci\u00e9t\u00e9 dynamique, experte dans son domaine et ancr\u00e9e sur le territoire Rejoindrez une \u00e9quipe qui aura \u00e0 c\u0153ur de transmettre [&hellip;]<\/p>\n","protected":false},"author":2,"featured_media":3670,"parent":0,"menu_order":0,"comment_status":"closed","ping_status":"closed","template":"","meta":{"footnotes":""},"class_list":["post-660","page","type-page","status-publish","has-post-thumbnail","hentry"],"yoast_head":"<!-- This site is optimized with the Yoast SEO plugin v27.3 - https:\/\/yoast.com\/product\/yoast-seo-wordpress\/ -->\n<title>GMS - Rejoignez Andr\u00e9 Bazin<\/title>\n<meta name=\"description\" content=\"D\u00e9couvrez les opportunit\u00e9s de carri\u00e8re GMS chez Andr\u00e9 Bazin. Consultez notre fiche recrutement et int\u00e9grez une \u00e9quipe dynamique.\" \/>\n<meta name=\"robots\" content=\"index, follow, max-snippet:-1, max-image-preview:large, max-video-preview:-1\" \/>\n<link rel=\"canonical\" href=\"https:\/\/andre-bazin.fr\/gms\/fiche-recrutement\/\" \/>\n<meta property=\"og:locale\" content=\"fr_FR\" \/>\n<meta property=\"og:type\" content=\"article\" \/>\n<meta property=\"og:title\" content=\"GMS - Rejoignez Andr\u00e9 Bazin\" \/>\n<meta property=\"og:description\" content=\"D\u00e9couvrez les opportunit\u00e9s de carri\u00e8re GMS chez Andr\u00e9 Bazin. Consultez notre fiche recrutement et int\u00e9grez une \u00e9quipe dynamique.\" \/>\n<meta property=\"og:url\" content=\"https:\/\/andre-bazin.fr\/gms\/fiche-recrutement\/\" \/>\n<meta property=\"og:site_name\" content=\"GMS - Andre Bazin - Charcuterie et Salaison\" \/>\n<meta property=\"article:modified_time\" content=\"2025-01-03T14:51:25+00:00\" \/>\n<meta property=\"og:image\" content=\"https:\/\/andre-bazin.fr\/gms\/wp-content\/uploads\/sites\/7\/2024\/12\/Protocole-OG.png\" \/>\n\t<meta property=\"og:image:width\" content=\"1920\" \/>\n\t<meta property=\"og:image:height\" content=\"1080\" \/>\n\t<meta property=\"og:image:type\" content=\"image\/png\" \/>\n<meta name=\"twitter:card\" content=\"summary_large_image\" \/>\n<meta name=\"twitter:label1\" content=\"Dur\u00e9e de lecture estim\u00e9e\" \/>\n\t<meta name=\"twitter:data1\" content=\"2 minutes\" \/>\n<script type=\"application\/ld+json\" class=\"yoast-schema-graph\">{\"@context\":\"https:\\\/\\\/schema.org\",\"@graph\":[{\"@type\":\"WebPage\",\"@id\":\"https:\\\/\\\/andre-bazin.fr\\\/gms\\\/fiche-recrutement\\\/\",\"url\":\"https:\\\/\\\/andre-bazin.fr\\\/gms\\\/fiche-recrutement\\\/\",\"name\":\"GMS - Rejoignez Andr\u00e9 Bazin\",\"isPartOf\":{\"@id\":\"https:\\\/\\\/andre-bazin.fr\\\/gms\\\/#website\"},\"primaryImageOfPage\":{\"@id\":\"https:\\\/\\\/andre-bazin.fr\\\/gms\\\/fiche-recrutement\\\/#primaryimage\"},\"image\":{\"@id\":\"https:\\\/\\\/andre-bazin.fr\\\/gms\\\/fiche-recrutement\\\/#primaryimage\"},\"thumbnailUrl\":\"https:\\\/\\\/andre-bazin.fr\\\/gms\\\/wp-content\\\/uploads\\\/sites\\\/7\\\/2024\\\/12\\\/Protocole-OG.png\",\"datePublished\":\"2024-05-22T12:54:36+00:00\",\"dateModified\":\"2025-01-03T14:51:25+00:00\",\"description\":\"D\u00e9couvrez les opportunit\u00e9s de carri\u00e8re GMS chez Andr\u00e9 Bazin. Consultez notre fiche recrutement et int\u00e9grez une \u00e9quipe dynamique.\",\"breadcrumb\":{\"@id\":\"https:\\\/\\\/andre-bazin.fr\\\/gms\\\/fiche-recrutement\\\/#breadcrumb\"},\"inLanguage\":\"fr-FR\",\"potentialAction\":[{\"@type\":\"ReadAction\",\"target\":[\"https:\\\/\\\/andre-bazin.fr\\\/gms\\\/fiche-recrutement\\\/\"]}]},{\"@type\":\"ImageObject\",\"inLanguage\":\"fr-FR\",\"@id\":\"https:\\\/\\\/andre-bazin.fr\\\/gms\\\/fiche-recrutement\\\/#primaryimage\",\"url\":\"https:\\\/\\\/andre-bazin.fr\\\/gms\\\/wp-content\\\/uploads\\\/sites\\\/7\\\/2024\\\/12\\\/Protocole-OG.png\",\"contentUrl\":\"https:\\\/\\\/andre-bazin.fr\\\/gms\\\/wp-content\\\/uploads\\\/sites\\\/7\\\/2024\\\/12\\\/Protocole-OG.png\",\"width\":1920,\"height\":1080},{\"@type\":\"BreadcrumbList\",\"@id\":\"https:\\\/\\\/andre-bazin.fr\\\/gms\\\/fiche-recrutement\\\/#breadcrumb\",\"itemListElement\":[{\"@type\":\"ListItem\",\"position\":1,\"name\":\"Accueil\",\"item\":\"https:\\\/\\\/andre-bazin.fr\\\/gms\\\/\"},{\"@type\":\"ListItem\",\"position\":2,\"name\":\"Fiche recrutement\"}]},{\"@type\":\"WebSite\",\"@id\":\"https:\\\/\\\/andre-bazin.fr\\\/gms\\\/#website\",\"url\":\"https:\\\/\\\/andre-bazin.fr\\\/gms\\\/\",\"name\":\"GMS - Andre Bazin - Charcuterie et Salaison\",\"description\":\"\",\"publisher\":{\"@id\":\"https:\\\/\\\/andre-bazin.fr\\\/gms\\\/#organization\"},\"potentialAction\":[{\"@type\":\"SearchAction\",\"target\":{\"@type\":\"EntryPoint\",\"urlTemplate\":\"https:\\\/\\\/andre-bazin.fr\\\/gms\\\/?s={search_term_string}\"},\"query-input\":{\"@type\":\"PropertyValueSpecification\",\"valueRequired\":true,\"valueName\":\"search_term_string\"}}],\"inLanguage\":\"fr-FR\"},{\"@type\":\"Organization\",\"@id\":\"https:\\\/\\\/andre-bazin.fr\\\/gms\\\/#organization\",\"name\":\"GMS - Andre Bazin - Charcuterie et Salaison\",\"url\":\"https:\\\/\\\/andre-bazin.fr\\\/gms\\\/\",\"logo\":{\"@type\":\"ImageObject\",\"inLanguage\":\"fr-FR\",\"@id\":\"https:\\\/\\\/andre-bazin.fr\\\/gms\\\/#\\\/schema\\\/logo\\\/image\\\/\",\"url\":\"https:\\\/\\\/andre-bazin.fr\\\/gms\\\/wp-content\\\/uploads\\\/sites\\\/7\\\/2024\\\/05\\\/LOGO_ANDRE_BAZIN-HD.png\",\"contentUrl\":\"https:\\\/\\\/andre-bazin.fr\\\/gms\\\/wp-content\\\/uploads\\\/sites\\\/7\\\/2024\\\/05\\\/LOGO_ANDRE_BAZIN-HD.png\",\"width\":1515,\"height\":660,\"caption\":\"GMS - Andre Bazin - Charcuterie et Salaison\"},\"image\":{\"@id\":\"https:\\\/\\\/andre-bazin.fr\\\/gms\\\/#\\\/schema\\\/logo\\\/image\\\/\"}}]}<\/script>\n<!-- \/ Yoast SEO plugin. -->","yoast_head_json":{"title":"GMS - Rejoignez Andr\u00e9 Bazin","description":"D\u00e9couvrez les opportunit\u00e9s de carri\u00e8re GMS chez Andr\u00e9 Bazin. Consultez notre fiche recrutement et int\u00e9grez une \u00e9quipe dynamique.","robots":{"index":"index","follow":"follow","max-snippet":"max-snippet:-1","max-image-preview":"max-image-preview:large","max-video-preview":"max-video-preview:-1"},"canonical":"https:\/\/andre-bazin.fr\/gms\/fiche-recrutement\/","og_locale":"fr_FR","og_type":"article","og_title":"GMS - Rejoignez Andr\u00e9 Bazin","og_description":"D\u00e9couvrez les opportunit\u00e9s de carri\u00e8re GMS chez Andr\u00e9 Bazin. Consultez notre fiche recrutement et int\u00e9grez une \u00e9quipe dynamique.","og_url":"https:\/\/andre-bazin.fr\/gms\/fiche-recrutement\/","og_site_name":"GMS - Andre Bazin - Charcuterie et Salaison","article_modified_time":"2025-01-03T14:51:25+00:00","og_image":[{"width":1920,"height":1080,"url":"https:\/\/andre-bazin.fr\/gms\/wp-content\/uploads\/sites\/7\/2024\/12\/Protocole-OG.png","type":"image\/png"}],"twitter_card":"summary_large_image","twitter_misc":{"Dur\u00e9e de lecture estim\u00e9e":"2 minutes"},"schema":{"@context":"https:\/\/schema.org","@graph":[{"@type":"WebPage","@id":"https:\/\/andre-bazin.fr\/gms\/fiche-recrutement\/","url":"https:\/\/andre-bazin.fr\/gms\/fiche-recrutement\/","name":"GMS - Rejoignez Andr\u00e9 Bazin","isPartOf":{"@id":"https:\/\/andre-bazin.fr\/gms\/#website"},"primaryImageOfPage":{"@id":"https:\/\/andre-bazin.fr\/gms\/fiche-recrutement\/#primaryimage"},"image":{"@id":"https:\/\/andre-bazin.fr\/gms\/fiche-recrutement\/#primaryimage"},"thumbnailUrl":"https:\/\/andre-bazin.fr\/gms\/wp-content\/uploads\/sites\/7\/2024\/12\/Protocole-OG.png","datePublished":"2024-05-22T12:54:36+00:00","dateModified":"2025-01-03T14:51:25+00:00","description":"D\u00e9couvrez les opportunit\u00e9s de carri\u00e8re GMS chez Andr\u00e9 Bazin. Consultez notre fiche recrutement et int\u00e9grez une \u00e9quipe dynamique.","breadcrumb":{"@id":"https:\/\/andre-bazin.fr\/gms\/fiche-recrutement\/#breadcrumb"},"inLanguage":"fr-FR","potentialAction":[{"@type":"ReadAction","target":["https:\/\/andre-bazin.fr\/gms\/fiche-recrutement\/"]}]},{"@type":"ImageObject","inLanguage":"fr-FR","@id":"https:\/\/andre-bazin.fr\/gms\/fiche-recrutement\/#primaryimage","url":"https:\/\/andre-bazin.fr\/gms\/wp-content\/uploads\/sites\/7\/2024\/12\/Protocole-OG.png","contentUrl":"https:\/\/andre-bazin.fr\/gms\/wp-content\/uploads\/sites\/7\/2024\/12\/Protocole-OG.png","width":1920,"height":1080},{"@type":"BreadcrumbList","@id":"https:\/\/andre-bazin.fr\/gms\/fiche-recrutement\/#breadcrumb","itemListElement":[{"@type":"ListItem","position":1,"name":"Accueil","item":"https:\/\/andre-bazin.fr\/gms\/"},{"@type":"ListItem","position":2,"name":"Fiche recrutement"}]},{"@type":"WebSite","@id":"https:\/\/andre-bazin.fr\/gms\/#website","url":"https:\/\/andre-bazin.fr\/gms\/","name":"GMS - Andre Bazin - Charcuterie et Salaison","description":"","publisher":{"@id":"https:\/\/andre-bazin.fr\/gms\/#organization"},"potentialAction":[{"@type":"SearchAction","target":{"@type":"EntryPoint","urlTemplate":"https:\/\/andre-bazin.fr\/gms\/?s={search_term_string}"},"query-input":{"@type":"PropertyValueSpecification","valueRequired":true,"valueName":"search_term_string"}}],"inLanguage":"fr-FR"},{"@type":"Organization","@id":"https:\/\/andre-bazin.fr\/gms\/#organization","name":"GMS - Andre Bazin - Charcuterie et Salaison","url":"https:\/\/andre-bazin.fr\/gms\/","logo":{"@type":"ImageObject","inLanguage":"fr-FR","@id":"https:\/\/andre-bazin.fr\/gms\/#\/schema\/logo\/image\/","url":"https:\/\/andre-bazin.fr\/gms\/wp-content\/uploads\/sites\/7\/2024\/05\/LOGO_ANDRE_BAZIN-HD.png","contentUrl":"https:\/\/andre-bazin.fr\/gms\/wp-content\/uploads\/sites\/7\/2024\/05\/LOGO_ANDRE_BAZIN-HD.png","width":1515,"height":660,"caption":"GMS - Andre Bazin - Charcuterie et Salaison"},"image":{"@id":"https:\/\/andre-bazin.fr\/gms\/#\/schema\/logo\/image\/"}}]}},"_links":{"self":[{"href":"https:\/\/andre-bazin.fr\/gms\/wp-json\/wp\/v2\/pages\/660","targetHints":{"allow":["GET"]}}],"collection":[{"href":"https:\/\/andre-bazin.fr\/gms\/wp-json\/wp\/v2\/pages"}],"about":[{"href":"https:\/\/andre-bazin.fr\/gms\/wp-json\/wp\/v2\/types\/page"}],"author":[{"embeddable":true,"href":"https:\/\/andre-bazin.fr\/gms\/wp-json\/wp\/v2\/users\/2"}],"replies":[{"embeddable":true,"href":"https:\/\/andre-bazin.fr\/gms\/wp-json\/wp\/v2\/comments?post=660"}],"version-history":[{"count":124,"href":"https:\/\/andre-bazin.fr\/gms\/wp-json\/wp\/v2\/pages\/660\/revisions"}],"predecessor-version":[{"id":796,"href":"https:\/\/andre-bazin.fr\/gms\/wp-json\/wp\/v2\/pages\/660\/revisions\/796"}],"wp:featuredmedia":[{"embeddable":true,"href":"https:\/\/andre-bazin.fr\/gms\/wp-json\/wp\/v2\/media\/3670"}],"wp:attachment":[{"href":"https:\/\/andre-bazin.fr\/gms\/wp-json\/wp\/v2\/media?parent=660"}],"curies":[{"name":"wp","href":"https:\/\/api.w.org\/{rel}","templated":true}]}}